{"id":7012,"date":"2017-05-23T21:26:01","date_gmt":"2017-05-23T19:26:01","guid":{"rendered":"http:\/\/www.wuerz-anhaenger.de\/anhaengervermietung\/kuehlanhaenger-copy\/"},"modified":"2017-06-13T15:17:06","modified_gmt":"2017-06-13T13:17:06","slug":"verkauf","status":"publish","type":"page","link":"https:\/\/www.wuerz-anhaenger.de\/anhaengervermietung\/verkauf\/","title":{"rendered":"VERKAUF"},"content":{"rendered":"<div id=\"themify_builder_content-7012\" data-postid=\"7012\" class=\"themify_builder_content themify_builder_content-7012 themify_builder themify_builder_front\">\n\n\t\t\t\t<!-- module_row -->\n\t\t\t<div  data-gutter=\"gutter-default\" class=\"themify_builder_row themify_builder_7012_row module_row module_row_0 module_row_7012-0 clearfix gutter-default fullcover wow fadeIn fullwidth_row_container\" data-column-alignment=\"\" data-desktop_dir=\"ltr\" data-tablet_dir=\"ltr\" data-mobile_dir=\"ltr\">\n\n\t\t\n\t\t\t\t\t\t\n\t\t<div class=\"builder_row_cover\"  data-type=\"color\" data-hover-type=\"color\" style=\"background: rgba(255,255,255, 0.60);\" data-color=\"rgba(255,255,255, 0.60)\" data-updated=\"1\"><\/div>\n\n\t\t\n\t\t\t\t<div class=\"row_inner_wrapper\">\n\t\t\t\t\t<div class=\"row_inner gutter-default tablet-col-direction-ltr desktop-col-direction-ltr mobile-col-direction-ltr\">\n\n\t\t\t\t\t\t\n\t\t\t\t\t\t\n\t\t\t\t\t\t\t\n\t\t<div  class=\"col-full first tb-column  module_column tb_7012_column module_column_0 module_column_7012-0-0\" >\n\n\t\t\t\n\t\t\t\n\t\t\t<div class=\"tb-column-inner\">\n\n\t\t\t\t\n\t\t\t\t\n\t\t\t\t\t\n\t<!-- module image -->\n\t<div id=\"image-7012-0-0-1\" class=\"module module-image image-7012-0-0-1  image-overlay  wow slideInDown auto_fullwidth\">\n\n\t\t\n\t\t\n\t\t<div class=\"image-wrap\">\n\t\t\t\t\t\t\t<img decoding=\"async\" loading=\"lazy\" width=\"990\" height=\"197\" src=\"http:\/\/www.wuerz-anhaenger.de\/anhaengervermietung\/wp-content\/uploads\/2017\/04\/header_zuschnitt_folge.png\" class=\" wp-image-6514\" alt=\"header_zuschnitt_folge\" srcset=\"https:\/\/www.wuerz-anhaenger.de\/anhaengervermietung\/wp-content\/uploads\/2017\/04\/header_zuschnitt_folge.png 990w, https:\/\/www.wuerz-anhaenger.de\/anhaengervermietung\/wp-content\/uploads\/2017\/04\/header_zuschnitt_folge-300x60.png 300w, https:\/\/www.wuerz-anhaenger.de\/anhaengervermietung\/wp-content\/uploads\/2017\/04\/header_zuschnitt_folge-768x153.png 768w\" sizes=\"(max-width: 990px) 100vw, 990px\" \/>\t\t\t\n\t\t\t\n\t\t\n\t\t\t\t<\/div>\n\t\t<!-- \/image-wrap -->\n\t\n\t\t<\/div>\n\t<!-- \/module image -->\n\n\n\t\t\t\t\n\t\t\t<\/div><!-- \/.tb-column-inner -->\n\t\t\t\t\t<\/div>\n\t\t<!-- \/.tb-column -->\n\t\t\n\t\t\n\t\t\t\t\t\t\t\t\n\t\t\t\t\t\t\t\t\n\t\t\t\t\t\t\t\n\t\t\t\t\t\t<\/div>\n\t\t\t\t\t\t<!-- \/row_inner -->\n\t\t\t\t\t<\/div>\n\t\t\t\t\t<!-- \/row_inner_wrapper -->\n\t\t\t\t<\/div>\n\t\t\t\t<!-- \/module_row -->\n\t\t\t\t\t<!-- module_row -->\n\t\t\t<div  data-gutter=\"gutter-default\" class=\"themify_builder_row themify_builder_7012_row module_row module_row_1 module_row_7012-1 clearfix gutter-default wow slideInUp fullwidth_row_container\" data-column-alignment=\"\" data-desktop_dir=\"ltr\" data-tablet_dir=\"ltr\" data-mobile_dir=\"ltr\">\n\n\t\t\n\t\t\t\t\n\t\t\t\t<div class=\"row_inner_wrapper\">\n\t\t\t\t\t<div class=\"row_inner gutter-default tablet-col-direction-ltr desktop-col-direction-ltr mobile-col-direction-ltr\">\n\n\t\t\t\t\t\t\n\t\t\t\t\t\t\n\t\t\t\t\t\t\t\n\t\t<div  class=\"col-full first tb-column  module_column tb_7012_column module_column_0 module_column_7012-1-0\" >\n\n\t\t\t\n\t\t\t\n\t\t\t<div class=\"tb-column-inner\">\n\n\t\t\t\t\n\t\t\t\t\n\t\t\t\t\t\t\t<div class=\"themify_builder_sub_row clearfix module_subrow sub_row_1-0-1 \"  >\n\t\t\t\t\n\t\t\t\t<div class=\"sub_row_inner_wrapper gutter-default tablet-col-direction-ltr desktop-col-direction-ltr mobile-col-direction-ltr\">\n\t\t\n\t\t<div  class=\"col4-1 first sub_column module_column sub_column_1-0-1-0 sub_column_post_7012\" >\t\t\n\t\t<div class=\"tb-column-inner\">\n\t\t\n\t\t\t\t\t\n<!-- module text -->\n<div id=\"text-7012-sub_row_1-0-1-0-0\" class=\"module module-text text-7012-sub_row_1-0-1-0-0   wow slideInLeft hide-mobile\">\n\t\n\t\n\t<p><strong>BERND W\u00dcRZ<\/strong><br \/><br \/>Fon 0 72 40 &#8211; 83 98<br \/>Fax 0 72 40 &#8211; 47 07<br \/><a href=\"mailto:wuerz.anhaenger@t-online.de\">wuerz.anhaenger@t-online.de<\/a><br \/><a href=\"http:\/\/www.wuerz-anhaenger.de\">www.wuerz-anhaenger.de<\/a><br \/><br \/><strong>Stellplatz Mietanh\u00e4nger<\/strong><br \/>Hammerwerkstra\u00dfe 39<br \/>76327 Pfinztal-S\u00f6llingen<\/p>\n\t<\/div>\n<!-- \/module text -->\n\n\t\t\t\t\t<\/div>\n\t\t<\/div><!-- \/sub_column --><div  class=\"col4-3 last sub_column module_column sub_column_1-0-1-1 sub_column_post_7012\" >\t\t\n\t\t<div class=\"tb-column-inner\">\n\t\t\n\t\t\t\t\t\n    <!-- module post -->\n    <div id=\"post-7012-sub_row_1-0-1-1-0\" class=\"module module-post post-7012-sub_row_1-0-1-1-0 \">\n        \n        \n<ul class=\"post-filter\">\n\t\t<li class=\"cat-item cat-item-39\"><a href=\"https:\/\/www.wuerz-anhaenger.de\/anhaengervermietung\/category\/autotransporter\/\">Autotransporter<\/a>\n<\/li>\n\t<li class=\"cat-item cat-item-37\"><a href=\"https:\/\/www.wuerz-anhaenger.de\/anhaengervermietung\/category\/kofferanhaenger\/\">Kofferanh\u00e4nger<\/a>\n<\/li>\n\t<li class=\"cat-item cat-item-36\"><a href=\"https:\/\/www.wuerz-anhaenger.de\/anhaengervermietung\/category\/kuehlanhaenger\/\">K\u00fchlanh\u00e4nger<\/a>\n<\/li>\n\t<li class=\"cat-item cat-item-38\"><a href=\"https:\/\/www.wuerz-anhaenger.de\/anhaengervermietung\/category\/motorradanhaenger\/\">Motorradanh\u00e4nger<\/a>\n<\/li>\n\t<li class=\"cat-item cat-item-35\"><a href=\"https:\/\/www.wuerz-anhaenger.de\/anhaengervermietung\/category\/pkw-anhaenger\/\">PKW-ANH\u00c4NGER<\/a>\n<\/li>\n\t<li class=\"cat-item cat-item-34\"><a href=\"https:\/\/www.wuerz-anhaenger.de\/anhaengervermietung\/category\/pkw-anhaenger\/pkw-ahaenger-mit-plane\/\">PKW-Anh\u00e4nger mit Plane<\/a>\n<\/li>\n\t<li class=\"cat-item cat-item-32\"><a href=\"https:\/\/www.wuerz-anhaenger.de\/anhaengervermietung\/category\/pkw-anhaenger\/pkw-ahaenger-ohne-plane\/\">PKW-Anh\u00e4nger ohne Plane<\/a>\n<\/li>\n\t<li class=\"cat-item cat-item-41\"><a href=\"https:\/\/www.wuerz-anhaenger.de\/anhaengervermietung\/category\/softeisverkauf\/\">Softeisverkauf<\/a>\n<\/li>\n\t<li class=\"cat-item cat-item-40\"><a href=\"https:\/\/www.wuerz-anhaenger.de\/anhaengervermietung\/category\/toilettenwagen\/\">Toilettenwagen<\/a>\n<\/li>\n\t<li class=\"cat-item cat-item-42\"><a href=\"https:\/\/www.wuerz-anhaenger.de\/anhaengervermietung\/category\/verkauf\/\">Verkauf<\/a>\n<\/li>\n<\/ul>        <div class=\"builder-posts-wrap clearfix loops-wrapper list-post\">\n            \n\n<article id=\"post-7003\" class=\"post clearfix post-7003 type-post status-publish format-standard hentry category-verkauf no-post-title no-post-date has-post-category has-post-tag has-post-comment has-post-author   cat-42\">\n\t\n    \n\t\n\t\n\t\n\t\t\n\t\n\t\n\t<div class=\"post-content\">\n\t\t<div class=\"post-content-inner\">\n\n\t\t\t\n\t\t\t\n\t\t\t\n\t\t\t\n\t\t\t<div class=\"entry-content\">\n\n\t\t\t\t\n\t\t\t\t\t<script>\n(function ( $el, el ){\n\tfunction responsive_classes() {\n\t\tif ( el.clientWidth > 1024 ) {\n\t\t\t$el.removeClass( 'tb_tablet tb_mobile' ).addClass( 'tb_desktop' );\n\t\t} else if ( el.clientWidth < 480 ) {\n\t\t\t$el.removeClass( 'tb_desktop tb_tablet' ).addClass( 'tb_mobile' );\n\t\t} else if ( el.clientWidth < 1024 ) {\n\t\t\t$el.removeClass( 'tb_desktop tb_mobile' ).addClass( 'tb_tablet' );\n\t\t}\n\t}\n\tresponsive_classes();\n\tjQuery( window ).resize( responsive_classes );\n})( jQuery( 'body' ), document.body )\n<\/script>\n\t\t<script type=\"text\/javascript\">\n\t\t\t\t\tif( document.getElementById( \"builder-styles-css\" ) ) document.getElementById( \"builder-styles-css\" ).insertAdjacentHTML( \"beforebegin\", \"<link id='builder-styles' rel='stylesheet' href='https:\/\/www.wuerz-anhaenger.de\/anhaengervermietung\/wp-content\/themes\/themify-ultra\/themify\/themify-builder\/css\/themify-builder-style.min.css?ver=3.1.8' type='text\/css' \/>\" );\n\t\t\t\t\t<\/script><div class=\"themify_builder_content-7003 themify_builder in_the_loop not_editable_builder\">\n\n\t\t\t<!-- module_row -->\n\t\t\t<div  data-gutter=\"gutter-none\" class=\"themify_builder_row themify_builder_7003_row module_row module_row_0 module_row_7003-0 clearfix gutter-none fullwidth\" data-column-alignment=\"\" data-desktop_dir=\"ltr\" data-tablet_dir=\"ltr\" data-mobile_dir=\"ltr\">\n\n\t\t\n\t\t\t\t\n\t\t\t\t<div class=\"row_inner_wrapper\">\n\t\t\t\t\t<div class=\"row_inner gutter-none tablet-col-direction-ltr desktop-col-direction-ltr mobile-col-direction-ltr\">\n\n\t\t\t\t\t\t\n\t\t\t\t\t\t\n\t\t\t\t\t\t\t\n\t\t<div  class=\"col3-1 first tb-column  module_column tb_7003_column module_column_0 module_column_7003-0-0\" >\n\n\t\t\t\n\t\t\t\n\t\t\t<div class=\"tb-column-inner\">\n\n\t\t\t\t\n\t\t\t\t\n\t\t\t\t\t\n<!-- module text -->\n<div id=\"text-7003-0-0-1\" class=\"module module-text text-7003-0-0-1   \">\n\t\n\t\n\t<p><strong>Aktuell ist kein Anh\u00e4nger im Verkauf.<\/strong><\/p><h2>\u00a0<\/h2>\n\t<\/div>\n<!-- \/module text -->\n\n\t\t\t\t\n\t\t\t<\/div><!-- \/.tb-column-inner -->\n\t\t\t\t\t<\/div>\n\t\t<!-- \/.tb-column -->\n\t\t\n\t\t\n\t\t<div  class=\"col3-1 middle tb-column  module_column tb_7003_column module_column_1 module_column_7003-0-1\" >\n\n\t\t\t\n\t\t\t\n\t\t\t<div class=\"tb-column-inner\">\n\n\t\t\t\t\n\t\t\t\t\n\t\t\t\t\t\n    <!-- module buttons -->\n    <div  id=\"buttons-7003-0-1-1\" class=\"module module-buttons buttons-7003-0-1-1  \">\n\n        \n        \n        <div class=\"module-buttons normal\">\n                            <div class=\"module-buttons-item outline\">\n                                            <a class=\"ui builder_button black\"  href=\"http:\/\/www.wuerz-anhaenger.de\/anhaengervermietung\/kontakt\/\">                                                                    <span>KONTAKT<\/span>\n                                            <\/a>\n                                    <\/div>\n                    <\/div>\n\n        \n    <\/div>\n    <!-- \/module buttons -->\n\n\n\t\t\t\t\n\t\t\t<\/div><!-- \/.tb-column-inner -->\n\t\t\t\t\t<\/div>\n\t\t<!-- \/.tb-column -->\n\t\t\n\t\t\n\t\t<div  class=\"col3-1 last tb-column  module_column tb_7003_column module_column_2 module_column_7003-0-2\" >\n\n\t\t\t\n\t\t\t\n\t\t\t<div class=\"tb-column-inner\">\n\n\t\t\t\t\n\t\t\t\t\n\t\t\t\t\t\n    <!-- module gallery -->\n    <div id=\"gallery-7003-0-2-1\" class=\"module module-gallery gallery-7003-0-2-1 gallery gallery-columns-4  layout-showcase bordered  \">\n\n        \n        \n    <\/div>\n    <!-- \/module gallery -->\n\n\n\t\t\t\t\n\t\t\t<\/div><!-- \/.tb-column-inner -->\n\t\t\t\t\t<\/div>\n\t\t<!-- \/.tb-column -->\n\t\t\n\t\t\n\t\t\t\t\t\t\t\t\n\t\t\t\t\t\t\t\t\n\t\t\t\t\t\t\t\n\t\t\t\t\t\t<\/div>\n\t\t\t\t\t\t<!-- \/row_inner -->\n\t\t\t\t\t<\/div>\n\t\t\t\t\t<!-- \/row_inner_wrapper -->\n\t\t\t\t<\/div>\n\t\t\t\t<!-- \/module_row -->\n\t\t<\/div>\n\t\t\t\t\n\t\t\t<\/div><!-- \/.entry-content -->\n\n\t\t\t\n\t\t<\/div>\n\t\t<!-- \/.post-content-inner -->\n\t<\/div>\n\t<!-- \/.post-content -->\n\t\n<\/article>\n<!-- \/.post -->\n        <\/div><!-- .builder-posts-wrap -->\n                    <\/div>\n    <!-- \/module post -->\n    \n\n\t\t\t\t\t<\/div>\n\t\t<\/div><!-- \/sub_column --><\/div><\/div><!-- \/themify_builder_sub_row -->\n\t\t\t\t\n\t\t\t<\/div><!-- \/.tb-column-inner -->\n\t\t\t\t\t<\/div>\n\t\t<!-- \/.tb-column -->\n\t\t\n\t\t\n\t\t\t\t\t\t\t\t\n\t\t\t\t\t\t\t\t\n\t\t\t\t\t\t\t\n\t\t\t\t\t\t<\/div>\n\t\t\t\t\t\t<!-- \/row_inner -->\n\t\t\t\t\t<\/div>\n\t\t\t\t\t<!-- \/row_inner_wrapper -->\n\t\t\t\t<\/div>\n\t\t\t\t<!-- \/module_row -->\n\t\t<\/div>\n<!-- \/themify_builder_content -->","protected":false},"excerpt":{"rendered":"<p>BERND W\u00dcRZFon 0 72 40 &#8211; 83 98Fax 0 72 40 &#8211; 47 07wuerz.anhaenger@t-online.dewww.wuerz-anhaenger.deStellplatz Mietanh\u00e4ngerHammerwerkstra\u00dfe 3976327 Pfinztal-S\u00f6llingen<\/p>\n","protected":false},"author":1,"featured_media":0,"parent":0,"menu_order":0,"comment_status":"closed","ping_status":"closed","template":"","meta":[],"aioseo_notices":[],"_links":{"self":[{"href":"https:\/\/www.wuerz-anhaenger.de\/anhaengervermietung\/wp-json\/wp\/v2\/pages\/7012"}],"collection":[{"href":"https:\/\/www.wuerz-anhaenger.de\/anhaengervermietung\/wp-json\/wp\/v2\/pages"}],"about":[{"href":"https:\/\/www.wuerz-anhaenger.de\/anhaengervermietung\/wp-json\/wp\/v2\/types\/page"}],"author":[{"embeddable":true,"href":"https:\/\/www.wuerz-anhaenger.de\/anhaengervermietung\/wp-json\/wp\/v2\/users\/1"}],"replies":[{"embeddable":true,"href":"https:\/\/www.wuerz-anhaenger.de\/anhaengervermietung\/wp-json\/wp\/v2\/comments?post=7012"}],"version-history":[{"count":5,"href":"https:\/\/www.wuerz-anhaenger.de\/anhaengervermietung\/wp-json\/wp\/v2\/pages\/7012\/revisions"}],"predecessor-version":[{"id":7095,"href":"https:\/\/www.wuerz-anhaenger.de\/anhaengervermietung\/wp-json\/wp\/v2\/pages\/7012\/revisions\/7095"}],"wp:attachment":[{"href":"https:\/\/www.wuerz-anhaenger.de\/anhaengervermietung\/wp-json\/wp\/v2\/media?parent=7012"}],"curies":[{"name":"wp","href":"https:\/\/api.w.org\/{rel}","templated":true}]}}